{"id":199,"date":"2020-02-08T21:55:18","date_gmt":"2020-02-09T02:55:18","guid":{"rendered":"http:\/\/www.playlearnthink.com\/en\/?page_id=199"},"modified":"2024-10-09T22:36:56","modified_gmt":"2024-10-10T02:36:56","slug":"community","status":"publish","type":"page","link":"https:\/\/www.playlearnthink.com\/en\/community\/","title":{"rendered":"Community"},"content":{"rendered":"\n<h4>&#8220;Children have real understanding only of that which they invent themselves, and each time that we try to teach them something too quickly, we keep them from reinventing it themselves.&#8221;<br>&#8211; Jean Piaget<\/h4><br><br>\n\n\n\n<p>PLAYLearnThink is based in Sudbury, Canada and is committed to providing local family events as well as supporting local organisations.<\/p>\n\n\n\n<ul class=\"wp-block-list\"><li>IPA National PlayDay 2024<br>&#8211; PLAYLearnThink hosted a Community Adventure PlayDay on September 14th in the small, rural Sudbury community of Wanup in support of IPA Canada National PlayDay. Click <a rel=\"noopener noreferrer\" href=\"https:\/\/www.playlearnthink.com\/en\/wanupadventureplayday\/\" target=\"_blank\">here<\/a> for more details.<\/li><li>Wanup Community Trunk or Treat 2023<br>&#8211;\n PLAYLearnThink facilitated Family Science and Inquiry activities in the small, rural Sudbury community of Wanup in support of their annual Halloween Trunk or Treat event.<\/li><li>IPA National PlayDay 2023<br>&#8211; PLAYLearnThink hosted a Community Adventure PlayDay on August 19th in the small, rural Sudbury community of Wanup in support of IPA Canada National PlayDay. Click <a rel=\"noopener noreferrer\" href=\"https:\/\/www.playlearnthink.com\/en\/wanupadventureplayday\/\" target=\"_blank\">here<\/a> for more details.<\/li><li>IPA National PlayDay 2022<br>&#8211; PLAYLearnThink hosted a Community Adventure PlayDay on August 6th in the small, rural Sudbury community of Wanup in support of IPA Canada National PlayDay. Click <a rel=\"noopener noreferrer\" href=\"https:\/\/www.playlearnthink.com\/en\/wanupadventureplayday\/\" target=\"_blank\">here<\/a> for more details.<\/li><li>IPA National PlayDay 2021<br>&#8211; PLAYLearnThink hosted a Community &#8220;Physical Distancing&#8221; Adventure PlayDay on August 7th in the small, rural Sudbury community of Wanup in support of IPA Canada National PlayDay.<\/li><li>IPA National PlayDay 2020<br>&#8211;\n PLAYLearnThink hosted a Community &#8220;Physical Distancing&#8221; Adventure PlayDay on August 8th in the small, rural \nSudbury community of Wanup in support of the IPA Canada National PlayDay\n Initiative.<\/li><li>IPA National PlayDay 2020<br>&#8211;\n PLAYLearnThink provided plenty of loose parts and tools to a local daycare provider so that they could celebrate National PlayDay on August 5th with their school aged children.<\/li><li>Wanup Community Picnic 2019<br>&#8211;\n PLAYLearnThink facilitated a Family Science and Inquiry PlayDay in the small, rural Sudbury community of Wanup in support of their annual community picnic.<\/li><li>IPA National PlayDay 2019<br>&#8211;\n PLAYLearnThink hosted a Family Adventure PlayDay in the small, rural \nSudbury community of Wanup in support of the IPA Canada National PlayDay\n Initiative.<\/li><li>IPA National PlayDay 2018<br>&#8211;\n PLAYLearnThink hosted a Family Adventure PlayDay in the small, rural \nSudbury community of Wanup in support of the IPA Canada National PlayDay\n Initiative.<\/li><li>Kivi Park Summer Festival 2016<br>&#8211;\n PLAYLearnThink organized a children&#8217;s adventure play area. Brady \nStorage provided a storage cube to store the loose parts leading up to \nthis community event.<\/li><li>Up Fest 2015<br>&#8211; \nPLAYLearnThink provided expertise and guidance in setting up a \nchildren&#8217;s play area and provided some material. Paint was donated by \nScholar&#8217;s Choice.<\/li><li>Sudbury Earth Festival 2014 and 2015<br>&#8211; PLAYLearnThink organized the &#8220;Reuse for Play&#8221; children&#8217;s play area.<\/li><li>Journ\u00e9e de Jeu, \u00c9cole publique H\u00e9l\u00e8ne-Gravel 2014-2015<br>&#8211; PLAYLearnThink organized an adventure playday for the entire school.<\/li><li>The Learning Spark 2013<br>\n\t\t\t&#8211; PLAYLearnThink developed both the concept and the content for the \nCity of Sudbury&#8217;s inaugural &#8220;Learning Spark&#8221; play festival<\/li><li>South End Best Start Hub Family Fun Night<\/li><li>West End Best Start Hub Family Fun Night<\/li><li>Family Fun Day<\/li><li>Week of the Child Kick Off Celebration<\/li><li>St. Francis Best Start Hub Launch<\/li><li>Roots and Shoots Conference<\/li><li>Valley East Days 100th Celebration<\/li><li>Valley East Days<\/li><li>The Great Manitou Star Party, Manitoulin Island<\/li><li>Salon du livre<\/li><\/ul>\n","protected":false},"excerpt":{"rendered":"<p>PLAYLearnThink is based in Sudbury, Canada and is committed to providing local family events as well as supporting local organisations. IPA National PlayDay 2024&#8211; PLAYLearnThink hosted a Community Adventure PlayDay on September 14th in the small, rural Sudbury community of Wanup in support of IPA Canada National PlayDay. Click here for more details. Wanup Community &hellip; <\/p>\n<p class=\"link-more\"><a href=\"https:\/\/www.playlearnthink.com\/en\/community\/\" class=\"more-link\">Continue reading<span class=\"screen-reader-text\"> &#8220;Community&#8221;<\/span><\/a><\/p>\n","protected":false},"author":1,"featured_media":0,"parent":0,"menu_order":0,"comment_status":"closed","ping_status":"closed","template":"","meta":{"footnotes":""},"class_list":["post-199","page","type-page","status-publish","hentry"],"_links":{"self":[{"href":"https:\/\/www.playlearnthink.com\/en\/wp-json\/wp\/v2\/pages\/199"}],"collection":[{"href":"https:\/\/www.playlearnthink.com\/en\/wp-json\/wp\/v2\/pages"}],"about":[{"href":"https:\/\/www.playlearnthink.com\/en\/wp-json\/wp\/v2\/types\/page"}],"author":[{"embeddable":true,"href":"https:\/\/www.playlearnthink.com\/en\/wp-json\/wp\/v2\/users\/1"}],"replies":[{"embeddable":true,"href":"https:\/\/www.playlearnthink.com\/en\/wp-json\/wp\/v2\/comments?post=199"}],"version-history":[{"count":18,"href":"https:\/\/www.playlearnthink.com\/en\/wp-json\/wp\/v2\/pages\/199\/revisions"}],"predecessor-version":[{"id":1655,"href":"https:\/\/www.playlearnthink.com\/en\/wp-json\/wp\/v2\/pages\/199\/revisions\/1655"}],"wp:attachment":[{"href":"https:\/\/www.playlearnthink.com\/en\/wp-json\/wp\/v2\/media?parent=199"}],"curies":[{"name":"wp","href":"https:\/\/api.w.org\/{rel}","templated":true}]}}